{"id":47,"date":"2023-05-23T07:37:36","date_gmt":"2023-05-23T07:37:36","guid":{"rendered":"https:\/\/wpolive.com\/juristo\/?page_id=47"},"modified":"2025-12-03T10:56:21","modified_gmt":"2025-12-03T07:56:21","slug":"about","status":"publish","type":"page","link":"https:\/\/atcekenlaw.com\/?page_id=47","title":{"rendered":"Hakk\u0131m\u0131zda"},"content":{"rendered":"\t\t<div data-elementor-type=\"wp-page\" data-elementor-id=\"47\" class=\"elementor elementor-47\">\n\t\t\t\t<div class=\"elementor-element elementor-element-557e3db e-con-full e-flex e-con e-parent\" data-id=\"557e3db\" data-element_type=\"container\" data-e-type=\"container\" data-settings=\"{&quot;background_background&quot;:&quot;classic&quot;}\">\n\t\t\t\t<div class=\"elementor-element elementor-element-2fed9cd elementor-widget elementor-widget-wpo-juristo_title\" data-id=\"2fed9cd\" data-element_type=\"widget\" data-e-type=\"widget\" data-widget_type=\"wpo-juristo_title.default\">\n\t\t\t\t<div class=\"elementor-widget-container\">\n\t\t\t\t\t\t\t<div class=\"wpo-section-title-s2\">\n\t\t\t<span>HAKKIMIZDA<\/span><h2>Biz Kimiz?<\/h2>\t\t<\/div>\n\t\t\t\t\t<\/div>\n\t\t\t\t<\/div>\n\t\t\t\t<div class=\"elementor-element elementor-element-3588289 elementor-widget elementor-widget-wpo-juristo_about\" data-id=\"3588289\" data-element_type=\"widget\" data-e-type=\"widget\" data-settings=\"{&quot;about_image&quot;:{&quot;url&quot;:&quot;https:\\\/\\\/atcekenlaw.com\\\/wp-content\\\/uploads\\\/2025\\\/03\\\/Asset-1@4x.png&quot;,&quot;id&quot;:1339,&quot;size&quot;:&quot;&quot;,&quot;alt&quot;:&quot;&quot;,&quot;source&quot;:&quot;library&quot;}}\" data-widget_type=\"wpo-juristo_about.default\">\n\t\t\t\t<div class=\"elementor-widget-container\">\n\t\t\t\t\t\n\t\t\t\t\t<div class=\"juristo-about wpo-about-section\">\n\t\t\t\t<div class=\"container\">\n\t\t\t\t\t<div class=\"wpo-about-section-wrapper\">\n\t\t\t\t\t\t<div class=\"row align-items-center\">\n\t\t\t\t\t\t\t<div class=\"col-lg-6 col-md-12 col-12\">\n\t\t\t\t\t\t\t\t<div class=\"wpo-about-img\">\n\t\t\t\t\t\t\t\t\t<img decoding=\"async\" src=\"https:\/\/atcekenlaw.com\/wp-content\/uploads\/2025\/03\/Asset-1@4x.png\" alt=\"\">\t\t\t\t\t\t\t\t<\/div>\n\t\t\t\t\t\t\t<\/div>\n\t\t\t\t\t\t\t<div class=\"col-lg-6 col-md-12 col-12\">\n\t\t\t\t\t\t\t\t<div class=\"wpo-about-content\">\n\t\t\t\t\t\t\t\t\t\t\t\t\t\t\t\t\t\t<div class=\"wpo-about-content-inner\">\n\t\t\t\t\t\t\t\t\t\t<h5 style=\"text-align: left\"><span style=\"font-size: 18px\"><span style=\"font-family: helvetica\">At\u00e7eken Hukuk ve Dan\u0131\u015fmanl\u0131k olarak, hukukun \u00fcst\u00fcnl\u00fc\u011f\u00fcne olan inanc\u0131m\u0131z ve adalet <\/span><span style=\"font-family: helvetica\">anlay\u0131\u015f\u0131m\u0131zla m\u00fcvekkillerimize en iyi hukuki hizmeti sunmay\u0131 ama\u00e7l\u0131yoruz. <\/span><\/span><\/h5>\n<h5 style=\"text-align: left\"><span style=\"font-size: 18px\"><span style=\"font-family: helvetica\">Kurucumuz <\/span><span style=\"font-family: helvetica\">Avukat Beyza At\u00e7eken, 2020 y\u0131l\u0131nda Sel\u00e7uk \u00dcniversitesi Hukuk Fak\u00fcltesi\u2019nden mezun <\/span><span style=\"font-family: helvetica\">olmu\u015f, 2024 y\u0131l\u0131nda ise At\u00e7eken Hukuk ve Dan\u0131\u015fmanl\u0131k B\u00fcrosu\u2019nu kurarak bireysel ve <\/span><span style=\"font-family: helvetica\">kurumsal m\u00fcvekkillerine etkin, g\u00fcvenilir ve \u00e7\u00f6z\u00fcm odakl\u0131 hukuki destek sunmaya <\/span><span style=\"font-family: helvetica\">ba\u015flam\u0131\u015ft\u0131r.<\/span><\/span><\/h5>\t\t\t\t\t\t\t\t\t\t<div class=\"exprience\">\n\t\t\t\t\t\t\t\t\t\t\t<div class=\"exprience-left\">\n\t\t\t\t\t\t\t\t\t\t\t\t\t\t\t\t\t\t\t\t\t\t\t<\/div>\n\t\t\t\t\t\t\t\t\t\t\t<div class=\"exprience-right\">\n\t\t\t\t\t\t\t\t\t\t\t\t\t\t\t\t\t\t\t\t\t\t\t<\/div>\n\t\t\t\t\t\t\t\t\t\t<\/div>\n\t\t\t\t\t\t\t\t\t<\/div>\n\t\t\t\t\t\t\t\t<\/div>\n\t\t\t\t\t\t\t<\/div>\n\t\t\t\t\t\t<\/div>\n\t\t\t\t\t\t<div class=\"visible-text\">\n\t\t\t\t\t\t\t\t\t\t\t\t\t<\/div>\n\t\t\t\t\t<\/div>\n\t\t\t\t<\/div>\n\t\t\t<\/div>\n\t\t\t\t\t\t<\/div>\n\t\t\t\t<\/div>\n\t\t\t\t<\/div>\n\t\t<div class=\"elementor-element elementor-element-735d4dc e-con-full elementor-hidden-desktop elementor-hidden-tablet elementor-hidden-mobile e-flex e-con e-parent\" data-id=\"735d4dc\" data-element_type=\"container\" data-e-type=\"container\" data-settings=\"{&quot;background_background&quot;:&quot;classic&quot;}\">\n\t\t\t\t<div class=\"elementor-element elementor-element-08f90df elementor-widget elementor-widget-wpo-juristo_team\" data-id=\"08f90df\" data-element_type=\"widget\" data-e-type=\"widget\" data-widget_type=\"wpo-juristo_team.default\">\n\t\t\t\t<div class=\"elementor-widget-container\">\n\t\t\t\t\t\t\t<div class=\"wpo-team-section\">\n\t    <div class=\"container\">\n\t        <div class=\"wpo-team-wrap\">\n\t            <div class=\"row align-items-center\">\n\t                <div class=\"col-lg-5\">\n\t                    <div class=\"wpo-section-title\">\n\t                    \t<span>Qualified Attorneys<\/span><h2>Meet Our Experts<\/h2>\t                    <\/div>\n\t                <\/div>\n\t            <\/div>\n\t            <div class=\"wpo-team-active owl-carousel\">\n\t            \t\t                <div class=\"wpo-team-item\">\n\t                    <div class=\"wpo-team-img\">\n\t                     <img decoding=\"async\" src=\"https:\/\/atcekenlaw.com\/wp-content\/uploads\/2023\/05\/team-one-3-1.jpg\" alt=\"\">\t                    <\/div>\n\t                    <div class=\"wpo-team-text\">\n\t                    \t\t<h2><a href=\"https:\/\/atcekenlaw.com\/?team=jerome-bell-3\">Jerome Bell<\/a><\/h2>\n\t                        <span>Family Lawer<\/span>\t                        <div class=\"social\">\n\t                             <ul>\n\t\t\t\t\t                      <li class=\"on\"><a href=\"#\"><i class=\"ti-facebook\" ><\/i><\/a><\/li><li class=\"on\"><a href=\"#\"><i class=\"ti-twitter-alt\" ><\/i><\/a><\/li><li class=\"on\"><a href=\"#\"><i class=\"ti-linkedin\" ><\/i><\/a><\/li><li class=\"on\"><a href=\"#\"><i class=\"ti-pinterest\" ><\/i><\/a><\/li>\t\t\t                    \t\t<\/ul>\n\t                        <\/div>\n\t                    <\/div>\n\t                <\/div>\n\t                \t                <div class=\"wpo-team-item\">\n\t                    <div class=\"wpo-team-img\">\n\t                     <img decoding=\"async\" src=\"https:\/\/atcekenlaw.com\/wp-content\/uploads\/2023\/05\/team-one-1-1.jpg\" alt=\"\">\t                    <\/div>\n\t                    <div class=\"wpo-team-text\">\n\t                    \t\t<h2><a href=\"https:\/\/atcekenlaw.com\/?team=daniel-williams\">Daniel Williams<\/a><\/h2>\n\t                        <span>Criminal Lawyer<\/span>\t                        <div class=\"social\">\n\t                             <ul>\n\t\t\t\t\t                      <li class=\"on\"><a href=\"#\"><i class=\"ti-facebook\" ><\/i><\/a><\/li><li class=\"on\"><a href=\"#\"><i class=\"ti-twitter-alt\" ><\/i><\/a><\/li><li class=\"on\"><a href=\"#\"><i class=\"ti-linkedin\" ><\/i><\/a><\/li><li class=\"on\"><a href=\"#\"><i class=\"ti-pinterest\" ><\/i><\/a><\/li>\t\t\t                    \t\t<\/ul>\n\t                        <\/div>\n\t                    <\/div>\n\t                <\/div>\n\t                \t                <div class=\"wpo-team-item\">\n\t                    <div class=\"wpo-team-img\">\n\t                     <img decoding=\"async\" src=\"https:\/\/atcekenlaw.com\/wp-content\/uploads\/2023\/05\/team-s1-3-1.jpg\" alt=\"\">\t                    <\/div>\n\t                    <div class=\"wpo-team-text\">\n\t                    \t\t<h2><a href=\"https:\/\/atcekenlaw.com\/?team=jane-cooper-2\">Jane Cooper<\/a><\/h2>\n\t                        <span>Divorce Lawyer<\/span>\t                        <div class=\"social\">\n\t                             <ul>\n\t\t\t\t\t                      <li class=\"on\"><a href=\"#\"><i class=\"ti-facebook\" ><\/i><\/a><\/li><li class=\"on\"><a href=\"#\"><i class=\"ti-twitter-alt\" ><\/i><\/a><\/li><li class=\"on\"><a href=\"#\"><i class=\"ti-linkedin\" ><\/i><\/a><\/li><li class=\"on\"><a href=\"#\"><i class=\"ti-pinterest\" ><\/i><\/a><\/li>\t\t\t                    \t\t<\/ul>\n\t                        <\/div>\n\t                    <\/div>\n\t                <\/div>\n\t                \t            <\/div>\n\t        <\/div>\n\t    \t<\/div> <!-- end container -->\n\t\t\t<\/div>\n\t\t\t\t\t\t\t<\/div>\n\t\t\t\t<\/div>\n\t\t\t\t<\/div>\n\t\t<div class=\"elementor-element elementor-element-d0360c6 e-con-full elementor-hidden-desktop elementor-hidden-tablet elementor-hidden-mobile e-flex e-con e-parent\" data-id=\"d0360c6\" data-element_type=\"container\" data-e-type=\"container\" data-settings=\"{&quot;background_background&quot;:&quot;classic&quot;}\">\n\t\t\t\t<div class=\"elementor-element elementor-element-1039f42 elementor-widget elementor-widget-wpo-juristo_testimonial\" data-id=\"1039f42\" data-element_type=\"widget\" data-e-type=\"widget\" data-widget_type=\"wpo-juristo_testimonial.default\">\n\t\t\t\t<div class=\"elementor-widget-container\">\n\t\t\t\t\t\n\t\t\t\t<div class=\"juristo-testimonial-s2\">\n\t\t    <div class=\"container\">\n\t\t        <div class=\"row align-items-center testimonial-slider\">\n\t\t            <div class=\"col-lg-5 col-md-5 col-12\">\n\t\t                <div class=\"testimonial-left-item slider-for\">\n\t\t                \t\t\t\t                    <div class=\"image\">\n\t\t                       <img decoding=\"async\" src=\"https:\/\/atcekenlaw.com\/wp-content\/uploads\/2023\/11\/test-image-1.png\" alt=\"\">\t\t                    <\/div>\n\t\t                    \t\t                    <div class=\"image\">\n\t\t                       <img decoding=\"async\" src=\"https:\/\/atcekenlaw.com\/wp-content\/uploads\/2023\/11\/test-image-1.png\" alt=\"\">\t\t                    <\/div>\n\t\t                    \t\t                <\/div>\n\t\t            <\/div>\n\t\t            <div class=\"col-lg-7 col-md-7 col-12\">\n\t\t                <div class=\"testimonial-right-wrap slider-nav\">\n\t\t                \t\t\t                    <div class=\"testimonial-item\">\n\t\t                        <div class=\"icon\">\n\t\t                            <img decoding=\"async\" src=\"https:\/\/atcekenlaw.com\/wp-content\/uploads\/2023\/11\/quote-1-1.png\" alt=\"\">\t\t                        <\/div>\n\t\t                        <p>What truly sets Law Farm apart is their commitment to clear communication. They took the time to explain the legal processes, potential outcomes, and the steps they would take to achieve the best results for me. This transparency and willingness to educate their clients made me feel confident and empowered throughout the entire legal journey.<\/p><h3>David Miller<\/h3><span>CEO Legal Aid<\/span>\t\t                    <\/div>\n\t\t                    \t\t                    <div class=\"testimonial-item\">\n\t\t                        <div class=\"icon\">\n\t\t                            <img decoding=\"async\" src=\"https:\/\/atcekenlaw.com\/wp-content\/uploads\/2023\/11\/quote-1-1.png\" alt=\"\">\t\t                        <\/div>\n\t\t                        <p>What truly sets Juristo Law Farm apart is their commitment. I wholeheartedly recommend Juristo Law Farm to anyone in need of legal services. They are a shining example of what a law firm should be: competent, compassionate, and dedicated to achieving the best outcomes for their clients. Thank you, Juristo, for your exceptional service.<\/p><h3>Alex Johnson<\/h3><span>CEO Legal Aid<\/span>\t\t                    <\/div>\n\t\t                    \t\n\t\t                <\/div>\n\t\t            <\/div>\n\t\t        <\/div>\n\t\t    <\/div>\n\t\t<\/div>\n\t\t\t\t\t\t<\/div>\n\t\t\t\t<\/div>\n\t\t\t\t<\/div>\n\t\t\t\t<\/div>\n\t\t","protected":false},"excerpt":{"rendered":"HAKKIMIZDA Biz Kimiz? At\u00e7eken Hukuk ve Dan\u0131\u015fmanl\u0131k olarak, hukukun \u00fcst\u00fcnl\u00fc\u011f\u00fcne olan inanc\u0131m\u0131z ve adalet anlay\u0131\u015f\u0131m\u0131zla m\u00fcvekkillerimize en iyi hukuki hizmeti sunmay\u0131 ama\u00e7l\u0131yoruz. Kurucumuz Avukat Beyza At\u00e7eken, 2020 y\u0131l\u0131nda Sel\u00e7uk \u00dcniversitesi Hukuk Fak\u00fcltesi\u2019nden mezun olmu\u015f, 2024 y\u0131l\u0131nda ise At\u00e7eken Hukuk ve Dan\u0131\u015fmanl\u0131k B\u00fcrosu\u2019nu kurarak bireysel ve kurumsal m\u00fcvekkillerine etkin, g\u00fcvenilir ve \u00e7\u00f6z\u00fcm odakl\u0131 hukuki destek sunmaya ","protected":false},"author":1,"featured_media":1395,"parent":0,"menu_order":0,"comment_status":"closed","ping_status":"closed","template":"elementor_header_footer","meta":{"footnotes":""},"class_list":["post-47","page","type-page","status-publish","has-post-thumbnail","hentry"],"_links":{"self":[{"href":"https:\/\/atcekenlaw.com\/index.php?rest_route=\/wp\/v2\/pages\/47","targetHints":{"allow":["GET"]}}],"collection":[{"href":"https:\/\/atcekenlaw.com\/index.php?rest_route=\/wp\/v2\/pages"}],"about":[{"href":"https:\/\/atcekenlaw.com\/index.php?rest_route=\/wp\/v2\/types\/page"}],"author":[{"embeddable":true,"href":"https:\/\/atcekenlaw.com\/index.php?rest_route=\/wp\/v2\/users\/1"}],"replies":[{"embeddable":true,"href":"https:\/\/atcekenlaw.com\/index.php?rest_route=%2Fwp%2Fv2%2Fcomments&post=47"}],"version-history":[{"count":41,"href":"https:\/\/atcekenlaw.com\/index.php?rest_route=\/wp\/v2\/pages\/47\/revisions"}],"predecessor-version":[{"id":1549,"href":"https:\/\/atcekenlaw.com\/index.php?rest_route=\/wp\/v2\/pages\/47\/revisions\/1549"}],"wp:featuredmedia":[{"embeddable":true,"href":"https:\/\/atcekenlaw.com\/index.php?rest_route=\/wp\/v2\/media\/1395"}],"wp:attachment":[{"href":"https:\/\/atcekenlaw.com\/index.php?rest_route=%2Fwp%2Fv2%2Fmedia&parent=47"}],"curies":[{"name":"wp","href":"https:\/\/api.w.org\/{rel}","templated":true}]}}