{"id":1299,"date":"2023-05-23T07:32:52","date_gmt":"2023-05-23T07:32:52","guid":{"rendered":"https:\/\/wpolive.com\/juristo\/?page_id=18"},"modified":"2026-03-09T12:04:17","modified_gmt":"2026-03-09T09:04:17","slug":"practice","status":"publish","type":"page","link":"https:\/\/atcekenlaw.com\/?page_id=1299","title":{"rendered":"Faaliyet Alanlar\u0131m\u0131z"},"content":{"rendered":"\t\t<div data-elementor-type=\"wp-page\" data-elementor-id=\"1299\" class=\"elementor elementor-1299\">\n\t\t\t\t<div class=\"elementor-element elementor-element-6cbd860 e-con-full e-flex e-con e-parent\" data-id=\"6cbd860\" data-element_type=\"container\" data-e-type=\"container\" data-settings=\"{&quot;background_background&quot;:&quot;classic&quot;}\">\n\t\t\t\t<div class=\"elementor-element elementor-element-2ee29f0 elementor-widget elementor-widget-wpo-juristo_title\" data-id=\"2ee29f0\" data-element_type=\"widget\" data-e-type=\"widget\" data-widget_type=\"wpo-juristo_title.default\">\n\t\t\t\t<div class=\"elementor-widget-container\">\n\t\t\t\t\t\t\t<div class=\"wpo-section-title-s2\">\n\t\t\t<span>Size Nas\u0131l Yard\u0131mc\u0131 Olabiliriz?<\/span><h2>\u00c7al\u0131\u015fma Alanlar\u0131m\u0131z<\/h2>\t\t<\/div>\n\t\t\t\t\t<\/div>\n\t\t\t\t<\/div>\n\t\t\t\t<div class=\"elementor-element elementor-element-f8a1857 elementor-widget elementor-widget-wpo-juristo_service\" data-id=\"f8a1857\" data-element_type=\"widget\" data-e-type=\"widget\" data-widget_type=\"wpo-juristo_service.default\">\n\t\t\t\t<div class=\"elementor-widget-container\">\n\t\t\t\t\t\n\t\t\t\t\t<div class=\"juristo-service-area\">\n\t\t    <div class=\"container\">\n\t\t        <div class=\"juristo-service-wrap\">\n\t\t            <div class=\"row align-items-center\">\n\t\t            \t\t\t                <div class=\"col col-lg-3 col-md-6 col-12\">\n\t\t                    <div class=\"juristo-service-item\">\n\t\t                        <i class=\"flaticon-012-family\"><\/i>\t\t                        <h2>\n\t\t\t\t                    \t<a href=\"https:\/\/atcekenlaw.com\/?service=aile-hukuku\">\n\t\t\t\t                    Aile Hukuku<\/a>\n\t\t\t\t                    <\/h2>\n\t\t\t\t                    <p>Bo\u015fanma, velayet, nafaka ve mal payla\u015f\u0131m\u0131 gibi aile hukukuna ili\u015fkin t\u00fcm davalarda m\u00fcvekkillerimize kapsaml\u0131 ve g\u00fcvenilir <\/p>\n\t\t                        <a class=\"read-more\" href=\"https:\/\/atcekenlaw.com\/?service=aile-hukuku\">\n\t\t                            <i class=\"fi ti-arrow-top-right\"><\/i>\n\t\t                        <\/a>\n\t\t                    <\/div>\n\t\t                <\/div>\n\t\t                 \t\t                <div class=\"col col-lg-3 col-md-6 col-12\">\n\t\t                    <div class=\"juristo-service-item\">\n\t\t                        <i class=\"fa fa-files-o\"><\/i>\t\t                        <h2>\n\t\t\t\t                    \t<a href=\"https:\/\/atcekenlaw.com\/?service=marka-ve-patent-hukuku\">\n\t\t\t\t                    Marka ve Patent Hukuku<\/a>\n\t\t\t\t                    <\/h2>\n\t\t\t\t                    <p>Marka, patent ve tasar\u0131m haklar\u0131n\u0131n korunmas\u0131 ile fikri m\u00fclkiyet uyu\u015fmazl\u0131klar\u0131nda profesyonel dan\u0131\u015fmanl\u0131k ve hukuki koruma sa\u011fl\u0131yoruz.<\/p>\n\t\t                        <a class=\"read-more\" href=\"https:\/\/atcekenlaw.com\/?service=marka-ve-patent-hukuku\">\n\t\t                            <i class=\"fi ti-arrow-top-right\"><\/i>\n\t\t                        <\/a>\n\t\t                    <\/div>\n\t\t                <\/div>\n\t\t                 \t\t                <div class=\"col col-lg-3 col-md-6 col-12\">\n\t\t                    <div class=\"juristo-service-item\">\n\t\t                        <i class=\"flaticon-017-agreement\"><\/i>\t\t                        <h2>\n\t\t\t\t                    \t<a href=\"https:\/\/atcekenlaw.com\/?service=real-estate-law\">\n\t\t\t\t                    Tazminat Hukuku<\/a>\n\t\t\t\t                    <\/h2>\n\t\t\t\t                    <p>Maddi ve manevi zararlar\u0131n giderilmesine y\u00f6nelik tazminat davalar\u0131nda m\u00fcvekkillerimizin haklar\u0131n\u0131 titizlikle savunuyor, en y\u00fcksek fayday\u0131 hedefliyoruz.<\/p>\n\t\t                        <a class=\"read-more\" href=\"https:\/\/atcekenlaw.com\/?service=real-estate-law\">\n\t\t                            <i class=\"fi ti-arrow-top-right\"><\/i>\n\t\t                        <\/a>\n\t\t                    <\/div>\n\t\t                <\/div>\n\t\t                 \t\t                <div class=\"col col-lg-3 col-md-6 col-12\">\n\t\t                    <div class=\"juristo-service-item\">\n\t\t                        <i class=\"flaticon-016-gun\"><\/i>\t\t                        <h2>\n\t\t\t\t                    \t<a href=\"https:\/\/atcekenlaw.com\/?service=criminal-law\">\n\t\t\t\t                    Ticaret Hukuku<\/a>\n\t\t\t\t                    <\/h2>\n\t\t\t\t                    <p>Ticari s\u00f6zle\u015fmeler, \u015firket i\u015flemleri ve ticari uyu\u015fmazl\u0131klarda i\u015fletmelerin haklar\u0131n\u0131 koruyarak g\u00fcvenli ve s\u00fcrd\u00fcr\u00fclebilir \u00e7\u00f6z\u00fcmler \u00fcretiyoruz.<\/p>\n\t\t                        <a class=\"read-more\" href=\"https:\/\/atcekenlaw.com\/?service=criminal-law\">\n\t\t                            <i class=\"fi ti-arrow-top-right\"><\/i>\n\t\t                        <\/a>\n\t\t                    <\/div>\n\t\t                <\/div>\n\t\t                 \t\t                <div class=\"col col-lg-3 col-md-6 col-12\">\n\t\t                    <div class=\"juristo-service-item\">\n\t\t                        <i class=\"flaticon-015-patient\"><\/i>\t\t                        <h2>\n\t\t\t\t                    \t<a href=\"https:\/\/atcekenlaw.com\/?service=personal-injury-2\">\n\t\t\t\t                    \u015eirketler Hukuku<\/a>\n\t\t\t\t                    <\/h2>\n\t\t\t\t                    <p>\u015eirket kurulu\u015fu, s\u00f6zle\u015fmeler, ortakl\u0131k yap\u0131lar\u0131 ve ticari uyu\u015fmazl\u0131klarda i\u015fletmelere stratejik ve kapsaml\u0131 hukuki dan\u0131\u015fmanl\u0131k sunuyoruz.<\/p>\n\t\t                        <a class=\"read-more\" href=\"https:\/\/atcekenlaw.com\/?service=personal-injury-2\">\n\t\t                            <i class=\"fi ti-arrow-top-right\"><\/i>\n\t\t                        <\/a>\n\t\t                    <\/div>\n\t\t                <\/div>\n\t\t                 \t\t                <div class=\"col col-lg-3 col-md-6 col-12\">\n\t\t                    <div class=\"juristo-service-item\">\n\t\t                        <i class=\"flaticon-014-learning\"><\/i>\t\t                        <h2>\n\t\t\t\t                    \t<a href=\"https:\/\/atcekenlaw.com\/?service=education-law-2\">\n\t\t\t\t                    Sa\u011fl\u0131k Hukuku<\/a>\n\t\t\t\t                    <\/h2>\n\t\t\t\t                    <p>Sa\u011fl\u0131k \u00e7al\u0131\u015fanlar\u0131 ve hastalar aras\u0131nda do\u011fan uyu\u015fmazl\u0131klarda; malpraktis, t\u0131bbi hata ve hasta haklar\u0131na ili\u015fkin s\u00fcre\u00e7leri uzmanl\u0131kla <\/p>\n\t\t                        <a class=\"read-more\" href=\"https:\/\/atcekenlaw.com\/?service=education-law-2\">\n\t\t                            <i class=\"fi ti-arrow-top-right\"><\/i>\n\t\t                        <\/a>\n\t\t                    <\/div>\n\t\t                <\/div>\n\t\t                 \t\t                <div class=\"col col-lg-3 col-md-6 col-12\">\n\t\t                    <div class=\"juristo-service-item\">\n\t\t                        <i class=\"flaticon-013-planning\"><\/i>\t\t                        <h2>\n\t\t\t\t                    \t<a href=\"https:\/\/atcekenlaw.com\/?service=business-law-2\">\n\t\t\t\t                    Sigorta Hukuku<\/a>\n\t\t\t\t                    <\/h2>\n\t\t\t\t                    <p>Sigorta \u015firketleriyle ya\u015fanan tazminat ve poli\u00e7e uyu\u015fmazl\u0131klar\u0131nda m\u00fcvekkillerimizin haklar\u0131n\u0131 koruyor, eksik \u00f6demelere kar\u015f\u0131 g\u00fc\u00e7l\u00fc hukuki \u00e7\u00f6z\u00fcm <\/p>\n\t\t                        <a class=\"read-more\" href=\"https:\/\/atcekenlaw.com\/?service=business-law-2\">\n\t\t                            <i class=\"fi ti-arrow-top-right\"><\/i>\n\t\t                        <\/a>\n\t\t                    <\/div>\n\t\t                <\/div>\n\t\t                 \t\t                <div class=\"col col-lg-3 col-md-6 col-12\">\n\t\t                    <div class=\"juristo-service-item\">\n\t\t                        <i class=\"fa fa-book\"><\/i>\t\t                        <h2>\n\t\t\t\t                    \t<a href=\"https:\/\/atcekenlaw.com\/?service=family-law\">\n\t\t\t\t                    Ceza Hukuku<\/a>\n\t\t\t\t                    <\/h2>\n\t\t\t\t                    <p>Ceza soru\u015fturmalar\u0131 ve davalar\u0131nda, m\u00fcvekkillerin haklar\u0131n\u0131 koruyarak etkili savunma stratejileri olu\u015fturuyor ve s\u00fcreci titizlikle takip ediyoruz.<\/p>\n\t\t                        <a class=\"read-more\" href=\"https:\/\/atcekenlaw.com\/?service=family-law\">\n\t\t                            <i class=\"fi ti-arrow-top-right\"><\/i>\n\t\t                        <\/a>\n\t\t                    <\/div>\n\t\t                <\/div>\n\t\t                 \t\t            <\/div>\n\t\t        <\/div>\n\t\t    <\/div>\n\t\t<\/div>\n\t\t\t\t\t\t<\/div>\n\t\t\t\t<\/div>\n\t\t\t\t<\/div>\n\t\t\t\t<\/div>\n\t\t","protected":false},"excerpt":{"rendered":"Size Nas\u0131l Yard\u0131mc\u0131 Olabiliriz? \u00c7al\u0131\u015fma Alanlar\u0131m\u0131z Aile Hukuku Bo\u015fanma, velayet, nafaka ve mal payla\u015f\u0131m\u0131 gibi aile hukukuna ili\u015fkin t\u00fcm davalarda m\u00fcvekkillerimize kapsaml\u0131 ve g\u00fcvenilir Marka ve Patent Hukuku Marka, patent ve tasar\u0131m haklar\u0131n\u0131n korunmas\u0131 ile fikri m\u00fclkiyet uyu\u015fmazl\u0131klar\u0131nda profesyonel dan\u0131\u015fmanl\u0131k ve hukuki koruma sa\u011fl\u0131yoruz. Tazminat Hukuku Maddi ve manevi zararlar\u0131n giderilmesine y\u00f6nelik tazminat davalar\u0131nda m\u00fcvekkillerimizin ","protected":false},"author":1,"featured_media":0,"parent":0,"menu_order":0,"comment_status":"closed","ping_status":"closed","template":"elementor_header_footer","meta":{"footnotes":""},"class_list":["post-1299","page","type-page","status-publish","hentry"],"_links":{"self":[{"href":"https:\/\/atcekenlaw.com\/index.php?rest_route=\/wp\/v2\/pages\/1299","targetHints":{"allow":["GET"]}}],"collection":[{"href":"https:\/\/atcekenlaw.com\/index.php?rest_route=\/wp\/v2\/pages"}],"about":[{"href":"https:\/\/atcekenlaw.com\/index.php?rest_route=\/wp\/v2\/types\/page"}],"author":[{"embeddable":true,"href":"https:\/\/atcekenlaw.com\/index.php?rest_route=\/wp\/v2\/users\/1"}],"replies":[{"embeddable":true,"href":"https:\/\/atcekenlaw.com\/index.php?rest_route=%2Fwp%2Fv2%2Fcomments&post=1299"}],"version-history":[{"count":13,"href":"https:\/\/atcekenlaw.com\/index.php?rest_route=\/wp\/v2\/pages\/1299\/revisions"}],"predecessor-version":[{"id":1572,"href":"https:\/\/atcekenlaw.com\/index.php?rest_route=\/wp\/v2\/pages\/1299\/revisions\/1572"}],"wp:attachment":[{"href":"https:\/\/atcekenlaw.com\/index.php?rest_route=%2Fwp%2Fv2%2Fmedia&parent=1299"}],"curies":[{"name":"wp","href":"https:\/\/api.w.org\/{rel}","templated":true}]}}